{"id":27,"date":"2020-09-13T23:19:20","date_gmt":"2020-09-14T03:19:20","guid":{"rendered":"http:\/\/ufecanada.org\/wp\/?page_id=27"},"modified":"2023-04-13T22:58:58","modified_gmt":"2023-04-14T02:58:58","slug":"a-propos","status":"publish","type":"page","link":"https:\/\/ufecanada.org\/wp\/","title":{"rendered":"Qui sommes nous"},"content":{"rendered":"\n<p>L\u2019UFE Monde (Union des Fran\u00e7ais de l\u2019\u00c9tranger) est notre maison-m\u00e8re. C\u2019est une association reconnue d\u2019utilit\u00e9 publique (voir note de bas de page). Depuis sa cr\u00e9ation en 1927, elle assure la d\u00e9fense de vos int\u00e9r\u00eats et de ceux de tous les Fran\u00e7ais de l\u2019\u00e9tranger aupr\u00e8s des institutions et des pouvoirs publics. L\u2019UFE agit dans de nombreux domaines : droit, protection sociale, sant\u00e9, enseignement, fiscalit\u00e9, s\u00e9curit\u00e9&#8230;<\/p>\n\n\n\n<p>Expat, futurs expatri\u00e9s, Fran\u00e7ais \u00e0 l\u2019\u00e9tranger ! Rejoignez la grande famille de l\u2019UFE et son r\u00e9seau mondial de plus de 170 repr\u00e9sentations r\u00e9parties dans plus de 100 pays.<\/p>\n\n\n\n<p>Sur <a rel=\"noreferrer noopener\" href=\"https:\/\/ufe.org\/presentation\/histoire\/\" target=\"_blank\">ce lien<\/a> d\u00e9couvrez l\u2019histoire de l\u2019UFE, pourquoi cette association est n\u00e9e et quelles sont ses valeurs.<\/p>\n\n\n\n<p>Votre repr\u00e9sentation locale, implant\u00e9e depuis 1983, \u00e0 Ottawa-Gatineau et la grande r\u00e9gion de la capitale nationale du Canada est&nbsp;\u00e0 votre \u00e9coute que vous soyez install\u00e9s depuis plusieurs ann\u00e9es ou bien nouveaux arrivants. Nous avons \u00e0 c\u0153ur de mettre en \u0153uvre, avec toute notre \u00e9quipe enti\u00e8rement b\u00e9n\u00e9vole, les valeurs suivantes qui nous animent :<\/p>\n\n\n\n<ul class=\"wp-block-list\">\n<li><strong>l\u2019accueil <\/strong>: premier pas dans le pays et premiers contacts avec ceux qui souhaitent nous rejoindre,<\/li>\n\n\n\n<li><strong>l\u2019entraide <\/strong>: la main tendue entre ceux qui savent et ceux qui ont besoin d\u2019\u00eatre accompagn\u00e9s,<\/li>\n\n\n\n<li><strong>la convivialit\u00e9 <\/strong>: ou le meilleur moyen de tisser des r\u00e9seaux solides autour d\u2019une activit\u00e9 culturelle, gastronomique, informative&#8230;<\/li>\n\n\n\n<li><strong>le rayonnement <\/strong>: parce que chaque repr\u00e9sentation de l\u2019UFE est un petit morceau de France \u00e0 l\u2019\u00e9tranger.<\/li>\n<\/ul>\n\n\n\n<p>Toutes nos histoires ont un point commun : la France. Ce patrimoine commun ainsi que celui du pays o\u00f9 nous vivons, le Canada, sont une inspiration pour les actions et les activit\u00e9s que nous mettons en place, qu\u2019il s&rsquo;agisse de vous informer, d\u00e9fendre vos int\u00e9r\u00eats ou vous proposer<br>des activit\u00e9s socio-culturelles.<\/p>\n\n\n\n<p>Aidez-nous \u00e0 regrouper et mobiliser la communaut\u00e9 fran\u00e7aise de notre grande r\u00e9gion, afin de cr\u00e9er un environnement convivial propice aux \u00e9changes entre fran\u00e7ais, francophones et francophiles, ainsi qu\u2019avec les autorit\u00e9s fran\u00e7aises et canadiennes, les \u00e9lus qui nous repr\u00e9sentent, et tous les sympathisants qui nous rejoignent.<\/p>\n\n\n\n<blockquote class=\"wp-block-quote is-layout-flow wp-block-quote-is-layout-flow\">\n<p>Aucun Fran\u00e7ais n&rsquo;est seul \u00e0 l&rsquo;\u00e9tranger<\/p>\n<cite>Devise de l&rsquo;UFE<\/cite><\/blockquote>\n\n\n\n<p>Sylvie Bragard<br>Pr\u00e9sidente UFE Ottawa-Gatineau<\/p>\n\n\n\n<p>Note: La reconnaissance d\u2019utilit\u00e9 publique, abr\u00e9g\u00e9 par le sigle RUP, est une proc\u00e9dure de droit fran\u00e7ais par laquelle l\u2019\u00c9tat reconna\u00eet qu\u2019une association ou une fondation pr\u00e9sente une utilit\u00e9 publique, ce qui lui conf\u00e8re une l\u00e9gitimit\u00e9 particuli\u00e8re. \u00c0 ce titre, la pr\u00e9sidence de l\u2019association si\u00e8ge \u00e0 divers comit\u00e9s consulaires.<\/p>\n","protected":false},"excerpt":{"rendered":"<p>L\u2019UFE Monde (Union des Fran\u00e7ais de l\u2019\u00c9tranger) est notre maison-m\u00e8re. C\u2019est une association reconnue d\u2019utilit\u00e9 publique (voir note de bas de page). Depuis sa cr\u00e9ation en 1927, elle assure la d\u00e9fense de vos int\u00e9r\u00eats et de ceux de tous les Fran\u00e7ais de l\u2019\u00e9tranger aupr\u00e8s des institutions et des pouvoirs publics. L\u2019UFE agit dans de nombreux [&hellip;]<\/p>\n","protected":false},"author":2,"featured_media":711,"parent":0,"menu_order":0,"comment_status":"closed","ping_status":"closed","template":"","meta":{"site-sidebar-layout":"default","site-content-layout":"default","ast-site-content-layout":"default","site-content-style":"default","site-sidebar-style":"default","ast-global-header-display":"","ast-banner-title-visibility":"","ast-main-header-display":"","ast-hfb-above-header-display":"","ast-hfb-below-header-display":"","ast-hfb-mobile-header-display":"","site-post-title":"","ast-breadcrumbs-content":"","ast-featured-img":"","footer-sml-layout":"","ast-disable-related-posts":"","theme-transparent-header-meta":"default","adv-header-id-meta":"","stick-header-meta":"","header-above-stick-meta":"","header-main-stick-meta":"","header-below-stick-meta":"","astra-migrate-meta-layouts":"default","ast-page-background-enabled":"default","ast-page-background-meta":{"desktop":{"background-color":"","background-image":"","background-repeat":"repeat","background-position":"center center","background-size":"auto","background-attachment":"scroll","background-type":"","background-media":"","overlay-type":"","overlay-color":"","overlay-opacity":"","overlay-gradient":""},"tablet":{"background-color":"","background-image":"","background-repeat":"repeat","background-position":"center center","background-size":"auto","background-attachment":"scroll","background-type":"","background-media":"","overlay-type":"","overlay-color":"","overlay-opacity":"","overlay-gradient":""},"mobile":{"background-color":"","background-image":"","background-repeat":"repeat","background-position":"center center","background-size":"auto","background-attachment":"scroll","background-type":"","background-media":"","overlay-type":"","overlay-color":"","overlay-opacity":"","overlay-gradient":""}},"ast-content-background-meta":{"desktop":{"background-color":"var(--ast-global-color-5)","background-image":"","background-repeat":"repeat","background-position":"center center","background-size":"auto","background-attachment":"scroll","background-type":"","background-media":"","overlay-type":"","overlay-color":"","overlay-opacity":"","overlay-gradient":""},"tablet":{"background-color":"var(--ast-global-color-5)","background-image":"","background-repeat":"repeat","background-position":"center center","background-size":"auto","background-attachment":"scroll","background-type":"","background-media":"","overlay-type":"","overlay-color":"","overlay-opacity":"","overlay-gradient":""},"mobile":{"background-color":"var(--ast-global-color-5)","background-image":"","background-repeat":"repeat","background-position":"center center","background-size":"auto","background-attachment":"scroll","background-type":"","background-media":"","overlay-type":"","overlay-color":"","overlay-opacity":"","overlay-gradient":""}},"footnotes":""},"class_list":["post-27","page","type-page","status-publish","has-post-thumbnail","hentry"],"aioseo_notices":[],"_links":{"self":[{"href":"https:\/\/ufecanada.org\/wp\/wp-json\/wp\/v2\/pages\/27","targetHints":{"allow":["GET"]}}],"collection":[{"href":"https:\/\/ufecanada.org\/wp\/wp-json\/wp\/v2\/pages"}],"about":[{"href":"https:\/\/ufecanada.org\/wp\/wp-json\/wp\/v2\/types\/page"}],"author":[{"embeddable":true,"href":"https:\/\/ufecanada.org\/wp\/wp-json\/wp\/v2\/users\/2"}],"replies":[{"embeddable":true,"href":"https:\/\/ufecanada.org\/wp\/wp-json\/wp\/v2\/comments?post=27"}],"version-history":[{"count":10,"href":"https:\/\/ufecanada.org\/wp\/wp-json\/wp\/v2\/pages\/27\/revisions"}],"predecessor-version":[{"id":3941,"href":"https:\/\/ufecanada.org\/wp\/wp-json\/wp\/v2\/pages\/27\/revisions\/3941"}],"wp:featuredmedia":[{"embeddable":true,"href":"https:\/\/ufecanada.org\/wp\/wp-json\/wp\/v2\/media\/711"}],"wp:attachment":[{"href":"https:\/\/ufecanada.org\/wp\/wp-json\/wp\/v2\/media?parent=27"}],"curies":[{"name":"wp","href":"https:\/\/api.w.org\/{rel}","templated":true}]}}