{"id":719,"date":"2021-06-07T20:30:17","date_gmt":"2021-06-08T00:30:17","guid":{"rendered":"http:\/\/ufecanada.org\/wp\/?page_id=719"},"modified":"2023-12-20T10:35:07","modified_gmt":"2023-12-20T15:35:07","slug":"index-des-recettes","status":"publish","type":"page","link":"https:\/\/ufecanada.org\/wp\/index-des-recettes\/","title":{"rendered":"Index des recettes"},"content":{"rendered":"\n<h2 class=\"wp-block-heading\">Sucr\u00e9es<\/h2>\n\n\n\n<ul class=\"wp-block-list\">\n<li>Baba au rhum et Savarin : <a href=\"https:\/\/ufecanada.org\/wp\/2021\/03\/recette-du-baba-au-rhum-et-du-savarin\/\">recette<\/a> \u2013 <a href=\"https:\/\/ufecanada.org\/wp\/2021\/03\/zoom-recette-photos-des-babas-au-rhum-et-savarins\/\">photos<\/a><\/li>\n\n\n\n<li>B\u00fbche de No\u00ebl : <a href=\"https:\/\/ufecanada.org\/wp\/2022\/01\/recette-de-la-buche-de-noel-chocolat-framboise\/\">recette<\/a> \u2013 <a href=\"https:\/\/ufecanada.org\/wp\/2022\/01\/zoom-recette-photos-des-buches-de-noel\/\">photos<\/a><\/li>\n\n\n\n<li>Charlotte aux fraises : <a href=\"https:\/\/ufecanada.org\/wp\/2023\/05\/recette-de-la-charlotte-aux-fraises\/\">recette <\/a>\u2013 <a href=\"https:\/\/ufecanada.org\/wp\/2023\/05\/zoom-recette-photos-des-charlottes-aux-fraises\/\">photos<\/a><\/li>\n\n\n\n<li>Chouquettes : <a href=\"https:\/\/ufecanada.org\/wp\/2022\/05\/recette-des-chouquettes\/\">recette<\/a> \u2013 <a href=\"https:\/\/ufecanada.org\/wp\/2022\/05\/zoom-recette-photos-des-chouquettes\/\">photos<\/a><\/li>\n\n\n\n<li>Clafoutis aux cerises : <a href=\"https:\/\/ufecanada.org\/wp\/2021\/11\/recette-du-clafoutis-aux-cerises\/\">recette<\/a> \u2013 <a href=\"https:\/\/ufecanada.org\/wp\/2021\/06\/zoom-recette-photos-des-clafoutis\/\">photos<\/a><\/li>\n\n\n\n<li>Cr\u00e8me Catalane : <a href=\"https:\/\/ufecanada.org\/wp\/2023\/12\/recette-de-la-cremes-catalanes\/\" title=\"\">recette <\/a>\u2013 <a href=\"https:\/\/ufecanada.org\/wp\/2023\/12\/zoom-recette-photos-des-cremes-catalanes\/\" title=\"\">photos<\/a><\/li>\n\n\n\n<li>Cr\u00e8me Chiboust : <a href=\"https:\/\/ufecanada.org\/wp\/2021\/02\/recette-de-la-creme-chiboust\/\">recette<\/a> \u2013 <a href=\"https:\/\/ufecanada.org\/wp\/2021\/02\/zoom-recette-photos-des-cremes-chiboust\/\">photos<\/a><\/li>\n\n\n\n<li>Cr\u00eapes Suzette : <a href=\"https:\/\/ufecanada.org\/wp\/2021\/12\/recette-des-crepes-suzette\/\">recette<\/a> \u2013 <a href=\"https:\/\/ufecanada.org\/wp\/2021\/12\/zoom-recette-photos-des-crepes-suzette\/\">photos<\/a><\/li>\n\n\n\n<li>Douillons normands et caramel au beurre sal\u00e9 : <a href=\"https:\/\/ufecanada.org\/wp\/2021\/05\/recette-des-douillons-normands-et-du-caramel-au-beurre-salle\/\">recette<\/a> \u2013 <a href=\"https:\/\/ufecanada.org\/wp\/2021\/05\/zoom-recette-photos-des-douillons\/\">photos<\/a><\/li>\n\n\n\n<li>Financiers et sabayons : <a href=\"https:\/\/ufecanada.org\/wp\/2021\/02\/recette-des-financiers-et-du-sabayon\/\">recette<\/a> \u2013 <a href=\"https:\/\/ufecanada.org\/wp\/2021\/02\/zoom-recette-photos-des-financiers\/\">photos<\/a><\/li>\n\n\n\n<li>Ficelle Picarde : <a href=\"https:\/\/ufecanada.org\/wp\/2022\/04\/recette-de-la-ficelle-picarde\/\">recette<\/a> \u2013 <a href=\"https:\/\/ufecanada.org\/wp\/2022\/04\/zoom-recette-photos-des-ficelles-picardes\/\">photos<\/a> <\/li>\n\n\n\n<li>Flan p\u00e2tissier : <a href=\"https:\/\/ufecanada.org\/wp\/2021\/04\/recette-du-flan-patissier\/\">recette<\/a> \u2013 <a href=\"https:\/\/ufecanada.org\/wp\/2021\/04\/zoom-recette-photos-des-flans-patissiers\/\">photos<\/a><\/li>\n\n\n\n<li>Galette des Rois : <a href=\"https:\/\/ufecanada.org\/wp\/2022\/01\/recette-de-la-galette-des-rois\/\">recette<\/a> \u2013 <a href=\"https:\/\/ufecanada.org\/wp\/2022\/01\/zoom-recette-photo-des-galettes-des-rois\/\">photos<\/a><\/li>\n\n\n\n<li>G\u00e2teau basque : <a href=\"https:\/\/ufecanada.org\/wp\/2022\/02\/recette-du-gateau-basque\/\">recette<\/a> \u2013 <a href=\"https:\/\/ufecanada.org\/wp\/2022\/01\/zoom-recette-gateau-basque\/\">photos<\/a><\/li>\n\n\n\n<li>Madeleines : <a href=\"https:\/\/ufecanada.org\/wp\/2021\/05\/recette-des-madeleines\/\">recette<\/a> \u2013 <a href=\"https:\/\/ufecanada.org\/wp\/2021\/05\/zoom-recette-photos-des-cordons-bleus-et-des-madeleines\/\">photos<\/a><\/li>\n\n\n\n<li>Moelleux au chocolat au c\u0153ur fondant : <a href=\"https:\/\/ufecanada.org\/wp\/2021\/04\/recette-des-moelleux-au-chocolat-au-coeur-fondant\/\">recette<\/a> \u2013 <a href=\"https:\/\/ufecanada.org\/wp\/2021\/04\/zoom-recette-photos-des-moelleux-au-chocolat\/\">photos<\/a><\/li>\n\n\n\n<li>Mousse au chocolat et langues de chat : <a href=\"https:\/\/ufecanada.org\/wp\/2021\/06\/recette-de-la-mousse-au-chocolat-et-des-langues-de-chat\/\">recette<\/a> \u2013 <a href=\"https:\/\/ufecanada.org\/wp\/2021\/05\/zoom-recette-photos-des-mousses-au-chocolat-et-langues-de-chat\/\">photos<\/a><\/li>\n\n\n\n<li>P\u00e2te de coing, nougat noir et gel\u00e9e : <a href=\"https:\/\/ufecanada.org\/wp\/2023\/12\/recette-de-la-pate-de-coing-nougat-noir-et-gelee\/\" title=\"\">recette <\/a>\u2013 <a href=\"https:\/\/ufecanada.org\/wp\/2023\/12\/zoom-recette-photos-des-pates-de-coing\/\" title=\"\">photos<\/a><\/li>\n\n\n\n<li>Quatre-quarts : <a href=\"https:\/\/ufecanada.org\/wp\/2022\/02\/recette-du-quatre-quarts\/\">recette<\/a> &#8211; <a href=\"https:\/\/ufecanada.org\/wp\/2022\/02\/zoom-recette-photos-des-quatres-quarts\/\">photos<\/a><\/li>\n\n\n\n<li>Tarte Bourdaloue : <a href=\"https:\/\/ufecanada.org\/wp\/2021\/03\/recette-de-la-tarte-bourdaloue\/\">recette<\/a> \u2013 <a href=\"https:\/\/ufecanada.org\/wp\/2021\/03\/zoom-recette-photos-des-tartes-bourdaloue\/\">photos<\/a><\/li>\n\n\n\n<li>Tarte au citron meringu\u00e9e : <a href=\"https:\/\/ufecanada.org\/wp\/2022\/02\/recette-de-la-tarte-au-citron-meringuee\/\">recette<\/a> \u2013 <a href=\"https:\/\/ufecanada.org\/wp\/2022\/02\/zoom-recette-photos-des-tartes-au-citron-meringuee\/\">photos<\/a><\/li>\n\n\n\n<li>Tarte aux fraises : <a href=\"https:\/\/ufecanada.org\/wp\/2021\/06\/recettes-de-la-tarte-aux-fraises\/\">recette<\/a> \u2013 <a href=\"https:\/\/ufecanada.org\/wp\/2021\/06\/zoom-recette-photos-des-tartes-aux-fraises\/\">photos<\/a><\/li>\n\n\n\n<li>Tarte Tatin : <a href=\"https:\/\/ufecanada.org\/wp\/2022\/04\/recette-de-la-tarte-tatin\/\">recette<\/a> \u2013 <a href=\"https:\/\/ufecanada.org\/wp\/2022\/04\/zoom-recette-photos-des-tartes-tatin\/\">photos<\/a><\/li>\n\n\n\n<li>Tiramisu et biscuit \u00e0 la cuill\u00e8re : <a href=\"https:\/\/ufecanada.org\/wp\/2021\/11\/recette-du-tiramisu-et-du-biscuit-a-la-cuillere\/\">recette<\/a> \u2013 <a href=\"https:\/\/ufecanada.org\/wp\/2021\/11\/zoom-recette-photos-des-tiramisus\/\">photos<\/a><\/li>\n<\/ul>\n\n\n\n<h2 class=\"wp-block-heading\">Sal\u00e9es<\/h2>\n\n\n\n<ul class=\"wp-block-list\">\n<li>B\u0153uf bourguignon : <a href=\"https:\/\/ufecanada.org\/wp\/2021\/11\/recette-du-boeuf-bourguignon\/\">recette<\/a> \u2013 <a href=\"https:\/\/ufecanada.org\/wp\/2021\/11\/zoom-recette-photos-des-boeufs-bourguignons\/\">photos<\/a><\/li>\n\n\n\n<li>Brandade de morue : <a href=\"https:\/\/ufecanada.org\/wp\/2022\/03\/recette-de-la-brandade-de-morue-avec-ou-sans-puree\/\">recette<\/a> \u2013 <a href=\"https:\/\/ufecanada.org\/wp\/2022\/03\/zoom-recette-photos-des-brandades-de-morue\/\">photos<\/a> <\/li>\n\n\n\n<li>B\u00fbches de no\u00ebl : <a href=\"https:\/\/ufecanada.org\/wp\/2022\/01\/recette-de-la-buche-de-noel-chocolat-framboise\/\">recette<\/a> \u2013 <a href=\"https:\/\/ufecanada.org\/wp\/2022\/01\/zoom-recette-photos-des-buches-de-noel\/\">photos<\/a><\/li>\n\n\n\n<li>Cordons bleus : <a href=\"https:\/\/ufecanada.org\/wp\/2021\/05\/recette-des-cordons-bleus\/\">recette<\/a> \u2013 <a href=\"https:\/\/ufecanada.org\/wp\/2021\/05\/zoom-recette-photos-des-cordons-bleus-et-des-madeleines\/\">photos<\/a><\/li>\n\n\n\n<li>Flammekueche, ou tarte flamb\u00e9e alsacienne : <a href=\"https:\/\/ufecanada.org\/wp\/2021\/05\/recette-de-la-flammekueche-ou-tarte-flambee-alsacienne\/\">recette<\/a> \u2013 <a href=\"https:\/\/ufecanada.org\/wp\/2021\/04\/zoom-recette-photos-des-flammekueche\/\">photos<\/a><\/li>\n\n\n\n<li>Goug\u00e8res : <a href=\"https:\/\/ufecanada.org\/wp\/2021\/02\/recette-des-gougeres\/\">recette<\/a> \u2013 <a href=\"https:\/\/ufecanada.org\/wp\/2021\/01\/zoom-recette-photos-des-gougeres\/\">photos<\/a><\/li>\n\n\n\n<li>Gratin dauphinois : <a href=\"https:\/\/ufecanada.org\/wp\/2021\/04\/recette-du-gratin-dauphinois\/\">recette<\/a> \u2013 <a href=\"https:\/\/ufecanada.org\/wp\/2021\/02\/zoom-recette-photos-des-gratins-dauphinois\/\">photos<\/a><\/li>\n\n\n\n<li>Hachis parmentier : <a href=\"https:\/\/ufecanada.org\/wp\/2023\/04\/recette-du-hachis-parmentier\/\">recette <\/a>\u2013 <a href=\"https:\/\/ufecanada.org\/wp\/2023\/04\/zoom-recette-photos-des-hachis-parmentier\/\">photos<\/a><\/li>\n\n\n\n<li>Lapin aux pruneaux et chasseur : <a href=\"https:\/\/ufecanada.org\/wp\/2021\/11\/recette-du-lapin-aux-pruneaux-et-lapin-chasseur\/\">recette<\/a> \u2013 <a href=\"https:\/\/ufecanada.org\/wp\/2021\/05\/zoom-recette-photos-des-lapins\/\">photos<\/a><\/li>\n\n\n\n<li>Navarin d\u2019agneau : <a href=\"https:\/\/ufecanada.org\/wp\/2022\/02\/recette-du-navarin-dagneau\/\">recette<\/a> \u2013 <a href=\"https:\/\/ufecanada.org\/wp\/2022\/02\/zoom-recette-photos-des-navarins-dagneau\/\">photos<\/a><\/li>\n\n\n\n<li>\u0152ufs en gel\u00e9e : <a href=\"https:\/\/ufecanada.org\/wp\/2022\/01\/recette-des-oeufs-en-gelee\/\">recette<\/a> \u2013 <a href=\"https:\/\/ufecanada.org\/wp\/2022\/01\/zoom-recette-photos-des-oeufs-en-gelee\/\">photos<\/a><\/li>\n\n\n\n<li>\u0152ufs mimosa : <a href=\"https:\/\/ufecanada.org\/wp\/2022\/05\/recette-des-oeufs-mimosa\/\">recette<\/a> \u2013 <a href=\"https:\/\/ufecanada.org\/wp\/2022\/05\/zoom-recette-photos-des-oeufs-mimosa\/\">photos<\/a><\/li>\n\n\n\n<li>P\u00e2t\u00e9 de foie de volaille : <a href=\"https:\/\/ufecanada.org\/wp\/2023\/01\/recette-du-pate-de-foie-de-volaille\/\">recette <\/a>\u2013 <a href=\"https:\/\/ufecanada.org\/wp\/2023\/01\/zoom-recette-photos-des-pates-de-foie-de-volaille\/\">photos<\/a><\/li>\n\n\n\n<li>P\u00e2t\u00e9 en cro\u00fbte :  <a href=\"https:\/\/ufecanada.org\/wp\/2022\/06\/recette-du-pate-en-croute\/\">recette<\/a> \u2013 <a href=\"https:\/\/ufecanada.org\/wp\/2022\/06\/zoom-recette-photos-des-pates-en-croute\/\">photos<\/a><\/li>\n\n\n\n<li>Paupiettes de veau \u00e0 la cr\u00e8me et aux champignons : <a href=\"https:\/\/ufecanada.org\/wp\/2022\/01\/recette-des-paupiettes-de-veau-a-la-creme-et-aux-champignons\/\">recette<\/a> \u2013 <a href=\"https:\/\/ufecanada.org\/wp\/2021\/12\/zoom-recette-photos-des-paupiettes\/\">photos<\/a><\/li>\n\n\n\n<li>Petits farcis : <a href=\"https:\/\/ufecanada.org\/wp\/2021\/04\/recette-des-petits-farcis\/\">recette<\/a> \u2013 <a href=\"https:\/\/ufecanada.org\/wp\/2021\/04\/zoom-recette-photos-des-petits-farcis\/\">photos<\/a><\/li>\n\n\n\n<li>Pots au feu : <a href=\"https:\/\/ufecanada.org\/wp\/2022\/01\/recette-du-pot-au-feu\/\">recette<\/a> \u2013 <a href=\"https:\/\/ufecanada.org\/wp\/2022\/01\/zoom-recette-photos-des-pots-au-feu\/\">photos<\/a><\/li>\n\n\n\n<li>Poulet basquaise : <a href=\"https:\/\/ufecanada.org\/wp\/2021\/03\/recette-du-poulet-basquaise\/\">recette<\/a> \u2013 <a href=\"https:\/\/ufecanada.org\/wp\/2021\/03\/zoom-recette-photos-des-poulets-basquaise\/\">photos<\/a><\/li>\n\n\n\n<li>Quiche proven\u00e7ale : <a href=\"https:\/\/ufecanada.org\/wp\/2021\/03\/recette-de-la-quiche-provencale\/\">recette<\/a> \u2013 <a href=\"https:\/\/ufecanada.org\/wp\/2021\/03\/zoom-recette-photos-des-quiches-provencales\/\">photos<\/a><\/li>\n\n\n\n<li>Souffl\u00e9 au fromage : <a href=\"https:\/\/ufecanada.org\/wp\/2021\/02\/recette-du-souffle-au-fromage\/\">recette<\/a> \u2013 <a href=\"https:\/\/ufecanada.org\/wp\/2021\/02\/zoom-recette-photos-des-souffles-au-fromage\/\">photos<\/a><\/li>\n\n\n\n<li>Soupes froides, dont le gaspachos : <a href=\"https:\/\/ufecanada.org\/wp\/2021\/06\/recettes-des-trois-soupes-froides\/\">recette<\/a> \u2013 <a href=\"https:\/\/ufecanada.org\/wp\/2021\/06\/zoom-recette-photos-des-gaspachos\/\">photos<\/a><\/li>\n\n\n\n<li>Spanakopita : <a href=\"https:\/\/ufecanada.org\/wp\/2022\/02\/recette-de-la-spanakopita\/\">recette<\/a> \u2013 <a href=\"https:\/\/ufecanada.org\/wp\/2022\/02\/zoom-recette-photos-des-spanakopita\/\">photos<\/a><\/li>\n\n\n\n<li>Terrine de poisson : <a href=\"https:\/\/ufecanada.org\/wp\/2021\/03\/recette-de-la-terrine-de-poisson\/\">recette<\/a> \u2013 <a href=\"https:\/\/ufecanada.org\/wp\/2021\/03\/zoom-recette-photos-des-terrine-de-poisson\/\">photos<\/a><\/li>\n\n\n\n<li>Vols-au-vent ou bouch\u00e9es \u00e0 la reine : <a href=\"https:\/\/ufecanada.org\/wp\/2021\/11\/recette-des-vols-au-vent-ou-bouchees-a-la-reine\/\">recette<\/a> \u2013 <a href=\"https:\/\/ufecanada.org\/wp\/2021\/06\/zoom-recette-photos-des-bouchees-a-la-reine\/\">photos<\/a><\/li>\n<\/ul>\n\n\n\n<p><\/p>\n","protected":false},"excerpt":{"rendered":"<p>Sucr\u00e9es Sal\u00e9es<\/p>\n","protected":false},"author":2,"featured_media":721,"parent":0,"menu_order":0,"comment_status":"closed","ping_status":"closed","template":"","meta":{"site-sidebar-layout":"default","site-content-layout":"default","ast-site-content-layout":"default","site-content-style":"default","site-sidebar-style":"default","ast-global-header-display":"","ast-banner-title-visibility":"","ast-main-header-display":"","ast-hfb-above-header-display":"","ast-hfb-below-header-display":"","ast-hfb-mobile-header-display":"","site-post-title":"","ast-breadcrumbs-content":"","ast-featured-img":"","footer-sml-layout":"","ast-disable-related-posts":"","theme-transparent-header-meta":"default","adv-header-id-meta":"","stick-header-meta":"","header-above-stick-meta":"","header-main-stick-meta":"","header-below-stick-meta":"","astra-migrate-meta-layouts":"set","ast-page-background-enabled":"default","ast-page-background-meta":{"desktop":{"background-color":"","background-image":"","background-repeat":"repeat","background-position":"center center","background-size":"auto","background-attachment":"scroll","background-type":"","background-media":"","overlay-type":"","overlay-color":"","overlay-opacity":"","overlay-gradient":""},"tablet":{"background-color":"","background-image":"","background-repeat":"repeat","background-position":"center center","background-size":"auto","background-attachment":"scroll","background-type":"","background-media":"","overlay-type":"","overlay-color":"","overlay-opacity":"","overlay-gradient":""},"mobile":{"background-color":"","background-image":"","background-repeat":"repeat","background-position":"center center","background-size":"auto","background-attachment":"scroll","background-type":"","background-media":"","overlay-type":"","overlay-color":"","overlay-opacity":"","overlay-gradient":""}},"ast-content-background-meta":{"desktop":{"background-color":"var(--ast-global-color-5)","background-image":"","background-repeat":"repeat","background-position":"center center","background-size":"auto","background-attachment":"scroll","background-type":"","background-media":"","overlay-type":"","overlay-color":"","overlay-opacity":"","overlay-gradient":""},"tablet":{"background-color":"var(--ast-global-color-5)","background-image":"","background-repeat":"repeat","background-position":"center center","background-size":"auto","background-attachment":"scroll","background-type":"","background-media":"","overlay-type":"","overlay-color":"","overlay-opacity":"","overlay-gradient":""},"mobile":{"background-color":"var(--ast-global-color-5)","background-image":"","background-repeat":"repeat","background-position":"center center","background-size":"auto","background-attachment":"scroll","background-type":"","background-media":"","overlay-type":"","overlay-color":"","overlay-opacity":"","overlay-gradient":""}},"footnotes":""},"class_list":["post-719","page","type-page","status-publish","has-post-thumbnail","hentry"],"aioseo_notices":[],"_links":{"self":[{"href":"https:\/\/ufecanada.org\/wp\/wp-json\/wp\/v2\/pages\/719","targetHints":{"allow":["GET"]}}],"collection":[{"href":"https:\/\/ufecanada.org\/wp\/wp-json\/wp\/v2\/pages"}],"about":[{"href":"https:\/\/ufecanada.org\/wp\/wp-json\/wp\/v2\/types\/page"}],"author":[{"embeddable":true,"href":"https:\/\/ufecanada.org\/wp\/wp-json\/wp\/v2\/users\/2"}],"replies":[{"embeddable":true,"href":"https:\/\/ufecanada.org\/wp\/wp-json\/wp\/v2\/comments?post=719"}],"version-history":[{"count":44,"href":"https:\/\/ufecanada.org\/wp\/wp-json\/wp\/v2\/pages\/719\/revisions"}],"predecessor-version":[{"id":2934,"href":"https:\/\/ufecanada.org\/wp\/wp-json\/wp\/v2\/pages\/719\/revisions\/2934"}],"wp:featuredmedia":[{"embeddable":true,"href":"https:\/\/ufecanada.org\/wp\/wp-json\/wp\/v2\/media\/721"}],"wp:attachment":[{"href":"https:\/\/ufecanada.org\/wp\/wp-json\/wp\/v2\/media?parent=719"}],"curies":[{"name":"wp","href":"https:\/\/api.w.org\/{rel}","templated":true}]}}